{"id":1900,"date":"2026-02-13T11:02:22","date_gmt":"2026-02-13T11:02:22","guid":{"rendered":"https:\/\/info68844f78c33-nvpko.wpcomstaging.com\/?post_type=product&#038;p=1900"},"modified":"2026-05-01T12:46:43","modified_gmt":"2026-05-01T12:46:43","slug":"fusball-snackbrett-mit-gravur-26cm","status":"publish","type":"product","link":"https:\/\/lasergraveren.nu\/de\/product\/voetbal-borrelplank-met-gravering-26cm\/","title":{"rendered":"Fu\u00dfball Snackbrett mit Gravur 26 cm Logo oder Text gravieren"},"content":{"rendered":"<p data-start=\"132\" data-end=\"188\"><strong data-start=\"132\" data-end=\"186\"><span class=\"BZ_Pyq_fadeIn\">Holzern <\/span><span class=\"BZ_Pyq_fadeIn\">Fu\u00dfball <\/span><span class=\"BZ_Pyq_fadeIn\">Bohrbrett <\/span><span class=\"BZ_Pyq_fadeIn\">mit <\/span><span class=\"BZ_Pyq_fadeIn\">Gravur \u2013 <\/span><span class=\"BZ_Pyq_fadeIn\">26 <\/span><span class=\"BZ_Pyq_fadeIn\">cm<\/span><\/strong><\/p>\n<p data-start=\"190\" data-end=\"503\"><span class=\"BZ_Pyq_fadeIn\">Op <\/span><span class=\"BZ_Pyq_fadeIn\">suchen <\/span><span class=\"BZ_Pyq_fadeIn\">nach <\/span><span class=\"BZ_Pyq_fadeIn\">eins <\/span><span class=\"BZ_Pyq_fadeIn\">Urspr\u00fcnglich <\/span><span class=\"BZ_Pyq_fadeIn\">Deutsch <\/span><span class=\"BZ_Pyq_fadeIn\">pers\u00f6nlich <\/span><span class=\"BZ_Pyq_fadeIn\">Geschenk <\/span><span class=\"BZ_Pyq_fadeIn\">f\u00fcr <\/span><span class=\"BZ_Pyq_fadeIn\">eins <\/span><span class=\"BZ_Pyq_fadeIn\">echte <\/span><span class=\"BZ_Pyq_fadeIn\">Fu\u00dfballfan <\/span><span class=\"BZ_Pyq_fadeIn\">Diese <\/span><strong data-start=\"271\" data-end=\"315\"><span class=\"BZ_Pyq_fadeIn\">h\u00f6lzerne <\/span><span class=\"BZ_Pyq_fadeIn\">Fu\u00dfball <\/span><span class=\"BZ_Pyq_fadeIn\">Bohlenbrett <\/span><span class=\"BZ_Pyq_fadeIn\">mit <\/span><span class=\"BZ_Pyq_fadeIn\">Gravur<\/span><\/strong> <span class=\"BZ_Pyq_fadeIn\">ist <\/span><span class=\"BZ_Pyq_fadeIn\">perfekt <\/span><span class=\"BZ_Pyq_fadeIn\">als <\/span><span class=\"BZ_Pyq_fadeIn\">einzigartig <\/span><span class=\"BZ_Pyq_fadeIn\">Geschenk <\/span><span class=\"BZ_Pyq_fadeIn\">von <\/span><span class=\"BZ_Pyq_fadeIn\">st\u00f6ren <\/span><span class=\"BZ_Pyq_fadeIn\">Unternehmensgeschenk. <\/span><span class=\"BZ_Pyq_fadeIn\">De <\/span><span class=\"BZ_Pyq_fadeIn\">Runde <\/span><span class=\"BZ_Pyq_fadeIn\">vorm <\/span><span class=\"BZ_Pyq_fadeIn\">mit <\/span><span class=\"BZ_Pyq_fadeIn\">Fu\u00dfballdesign <\/span><span class=\"BZ_Pyq_fadeIn\">macht <\/span><span class=\"BZ_Pyq_fadeIn\">Deutsch <\/span><strong data-start=\"413\" data-end=\"422\"><span class=\"BZ_Pyq_fadeIn\">Unterarmst\u00fctz<\/span><\/strong> <span class=\"BZ_Pyq_fadeIn\">ideal <\/span><span class=\"BZ_Pyq_fadeIn\">f\u00fcr <\/span><span class=\"BZ_Pyq_fadeIn\">die <\/span><span class=\"BZ_Pyq_fadeIn\">Servieren <\/span><span class=\"BZ_Pyq_fadeIn\">Wanne <\/span><span class=\"BZ_Pyq_fadeIn\">H\u00e4ppchen <\/span><span class=\"BZ_Pyq_fadeIn\">w\u00e4hrend <\/span><span class=\"BZ_Pyq_fadeIn\">eins <\/span><span class=\"BZ_Pyq_fadeIn\">Wettkampf <\/span><span class=\"BZ_Pyq_fadeIn\">von <\/span><span class=\"BZ_Pyq_fadeIn\">gem\u00fctlich <\/span><span class=\"BZ_Pyq_fadeIn\">Borrelien.<\/span><\/p>\n<p data-start=\"505\" data-end=\"824\"><span class=\"BZ_Pyq_fadeIn\">De <\/span><strong data-start=\"508\" data-end=\"523\"><span class=\"BZ_Pyq_fadeIn\">Bohlenbrett<\/span><\/strong> <span class=\"BZ_Pyq_fadeIn\">word <\/span><span class=\"BZ_Pyq_fadeIn\">gemacht <\/span><span class=\"BZ_Pyq_fadeIn\">Wanne <\/span><span class=\"BZ_Pyq_fadeIn\">hochwertig <\/span><span class=\"BZ_Pyq_fadeIn\">Holz <\/span><span class=\"BZ_Pyq_fadeIn\">Deutsch <\/span><span class=\"BZ_Pyq_fadeIn\">kann <\/span><span class=\"BZ_Pyq_fadeIn\">vollst\u00e4ndig <\/span><span class=\"BZ_Pyq_fadeIn\">pers\u00f6nlichisiert <\/span><span class=\"BZ_Pyq_fadeIn\">worden. <\/span><span class=\"BZ_Pyq_fadeIn\">F\u00fcge <\/span><span class=\"BZ_Pyq_fadeIn\">eins <\/span><strong data-start=\"609\" data-end=\"617\"><span class=\"BZ_Pyq_fadeIn\">Name<\/span><\/strong><span class=\"BZ_Pyq_fadeIn\">, <\/span><strong data-start=\"619\" data-end=\"628\"><span class=\"BZ_Pyq_fadeIn\">Datum<\/span><\/strong><span class=\"BZ_Pyq_fadeIn\">, <\/span><span class=\"BZ_Pyq_fadeIn\">kurz <\/span><strong data-start=\"636\" data-end=\"645\"><span class=\"BZ_Pyq_fadeIn\">Text<\/span><\/strong> <span class=\"BZ_Pyq_fadeIn\">von <\/span><span class=\"BZ_Pyq_fadeIn\">Firmenlogo <\/span><span class=\"BZ_Pyq_fadeIn\">Zehe. <\/span><span class=\"BZ_Pyq_fadeIn\">Dankzij <\/span><span class=\"BZ_Pyq_fadeIn\">unsere <\/span><span class=\"BZ_Pyq_fadeIn\">professionell <\/span><strong data-start=\"694\" data-end=\"710\"><span class=\"BZ_Pyq_fadeIn\">Lasergravur<\/span><\/strong> <span class=\"BZ_Pyq_fadeIn\">bekommt <\/span><span class=\"BZ_Pyq_fadeIn\">Elch <\/span><span class=\"BZ_Pyq_fadeIn\">Entwurf <\/span><span class=\"BZ_Pyq_fadeIn\">eins <\/span><span class=\"BZ_Pyq_fadeIn\">Haarscharf <\/span><span class=\"BZ_Pyq_fadeIn\">Deutsch <\/span><span class=\"BZ_Pyq_fadeIn\">nachhaltig <\/span><span class=\"BZ_Pyq_fadeIn\">Ergebnis. <\/span><span class=\"BZ_Pyq_fadeIn\">Zoo <\/span><span class=\"BZ_Pyq_fadeIn\">gib <\/span><span class=\"BZ_Pyq_fadeIn\">ich <\/span><span class=\"BZ_Pyq_fadeIn\">eins <\/span><span class=\"BZ_Pyq_fadeIn\">Geschenk <\/span><span class=\"BZ_Pyq_fadeIn\">Daten <\/span><span class=\"BZ_Pyq_fadeIn\">Wirklich <\/span><span class=\"BZ_Pyq_fadeIn\">auff\u00e4llt <\/span><span class=\"BZ_Pyq_fadeIn\">Deutsch <\/span><span class=\"BZ_Pyq_fadeIn\">lang <\/span><span class=\"BZ_Pyq_fadeIn\">mitgeht.<\/span><\/p>\n<p data-start=\"826\" data-end=\"1124\"><span class=\"BZ_Pyq_fadeIn\">Diese <\/span><span class=\"BZ_Pyq_fadeIn\">personalisierte <\/span><strong data-start=\"849\" data-end=\"872\"><span class=\"BZ_Pyq_fadeIn\">Fu\u00dfball <\/span><span class=\"BZ_Pyq_fadeIn\">Bohlenbrett<\/span><\/strong> <span class=\"BZ_Pyq_fadeIn\">ist <\/span><span class=\"BZ_Pyq_fadeIn\">geeignet <\/span><span class=\"BZ_Pyq_fadeIn\">f\u00fcr <\/span><span class=\"BZ_Pyq_fadeIn\">viel <\/span><span class=\"BZ_Pyq_fadeIn\">Gelegenheiten. <\/span><span class=\"BZ_Pyq_fadeIn\">Zum Beispiel <\/span><span class=\"BZ_Pyq_fadeIn\">als <\/span><span class=\"BZ_Pyq_fadeIn\">Geburtstagsgeschenk, <\/span><span class=\"BZ_Pyq_fadeIn\">f\u00fcr <\/span><span class=\"BZ_Pyq_fadeIn\">Sportliebhaber, <\/span><span class=\"BZ_Pyq_fadeIn\">Vatertag, <\/span><span class=\"BZ_Pyq_fadeIn\">teamgeschenke, <\/span><span class=\"BZ_Pyq_fadeIn\">Danksagungen <\/span><span class=\"BZ_Pyq_fadeIn\">f\u00fcr <\/span><span class=\"BZ_Pyq_fadeIn\">Trainer <\/span><span class=\"BZ_Pyq_fadeIn\">von <\/span><span class=\"BZ_Pyq_fadeIn\">einfach <\/span><span class=\"BZ_Pyq_fadeIn\">f\u00fcr <\/span><span class=\"BZ_Pyq_fadeIn\">gem\u00fctlich <\/span><span class=\"BZ_Pyq_fadeIn\">Fu\u00dfballabende. <\/span><span class=\"BZ_Pyq_fadeIn\">Zoo <\/span><span class=\"BZ_Pyq_fadeIn\">word <\/span><span class=\"BZ_Pyq_fadeIn\">Elch <\/span><span class=\"BZ_Pyq_fadeIn\">Borrelmoment <\/span><span class=\"BZ_Pyq_fadeIn\">eins <\/span><span class=\"BZ_Pyq_fadeIn\">Party, <\/span><span class=\"BZ_Pyq_fadeIn\">mit <\/span><span class=\"BZ_Pyq_fadeIn\">eins <\/span><span class=\"BZ_Pyq_fadeIn\">pers\u00f6nlich <\/span><span class=\"BZ_Pyq_fadeIn\">T\u00f6nchen.<\/span><\/p>\n<p data-start=\"1126\" data-end=\"1350\"><span class=\"BZ_Pyq_fadeIn\">De <\/span><span class=\"BZ_Pyq_fadeIn\">Runde <\/span><strong data-start=\"1135\" data-end=\"1150\"><span class=\"BZ_Pyq_fadeIn\">Bohlenbrett<\/span><\/strong> <span class=\"BZ_Pyq_fadeIn\">hat <\/span><span class=\"BZ_Pyq_fadeIn\">eins <\/span><span class=\"BZ_Pyq_fadeIn\">Durchmesser <\/span><span class=\"BZ_Pyq_fadeIn\">Wanne <\/span><strong data-start=\"1174\" data-end=\"1183\"><span class=\"BZ_Pyq_fadeIn\">26 <\/span><span class=\"BZ_Pyq_fadeIn\">cm<\/span><\/strong> <span class=\"BZ_Pyq_fadeIn\">Deutsch <\/span><span class=\"BZ_Pyq_fadeIn\">eins <\/span><span class=\"BZ_Pyq_fadeIn\">H\u00f6he <\/span><span class=\"BZ_Pyq_fadeIn\">Wanne <\/span><strong data-start=\"1202\" data-end=\"1210\"><span class=\"BZ_Pyq_fadeIn\">2 <\/span><span class=\"BZ_Pyq_fadeIn\">cm<\/span><\/strong><span class=\"BZ_Pyq_fadeIn\">. <\/span><span class=\"BZ_Pyq_fadeIn\">Das <\/span><span class=\"BZ_Pyq_fadeIn\">fest <\/span><span class=\"BZ_Pyq_fadeIn\">Holz <\/span><span class=\"BZ_Pyq_fadeIn\">macht <\/span><span class=\"BZ_Pyq_fadeIn\">Deutsch <\/span><span class=\"BZ_Pyq_fadeIn\">Unterarmst\u00fctz <\/span><span class=\"BZ_Pyq_fadeIn\">nachhaltig <\/span><span class=\"BZ_Pyq_fadeIn\">Deutsch <\/span><span class=\"BZ_Pyq_fadeIn\">funktionell. <\/span><span class=\"BZ_Pyq_fadeIn\">Dankzij <\/span><span class=\"BZ_Pyq_fadeIn\">die <\/span><span class=\"BZ_Pyq_fadeIn\">Fu\u00dfballdesign <\/span><span class=\"BZ_Pyq_fadeIn\">word <\/span><span class=\"BZ_Pyq_fadeIn\">Deutsch <\/span><strong data-start=\"1304\" data-end=\"1313\"><span class=\"BZ_Pyq_fadeIn\">Unterarmst\u00fctz<\/span><\/strong> <span class=\"BZ_Pyq_fadeIn\">Okay <\/span><span class=\"BZ_Pyq_fadeIn\">eins <\/span><span class=\"BZ_Pyq_fadeIn\">echte <\/span><span class=\"BZ_Pyq_fadeIn\">Blickfang <\/span><span class=\"BZ_Pyq_fadeIn\">Betrieb <\/span><span class=\"BZ_Pyq_fadeIn\">Tafel.<\/span><\/p>\n<p data-start=\"1352\" data-end=\"1611\"><span class=\"BZ_Pyq_fadeIn\">Kurz gesagt, <\/span><span class=\"BZ_Pyq_fadeIn\">diese <\/span><strong data-start=\"1365\" data-end=\"1402\"><span class=\"BZ_Pyq_fadeIn\">Fu\u00dfball <\/span><span class=\"BZ_Pyq_fadeIn\">Bohlenbrett <\/span><span class=\"BZ_Pyq_fadeIn\">mit <\/span><span class=\"BZ_Pyq_fadeIn\">Gravur<\/span><\/strong> <span class=\"BZ_Pyq_fadeIn\">kombiniert <\/span><span class=\"BZ_Pyq_fadeIn\">Originalit\u00e4t, <\/span><span class=\"BZ_Pyq_fadeIn\">Nachhaltigkeit <\/span><span class=\"BZ_Pyq_fadeIn\">Deutsch <\/span><span class=\"BZ_Pyq_fadeIn\">Personalisierung. <\/span><span class=\"BZ_Pyq_fadeIn\">Ideal <\/span><span class=\"BZ_Pyq_fadeIn\">f\u00fcr <\/span><span class=\"BZ_Pyq_fadeIn\">privat <\/span><span class=\"BZ_Pyq_fadeIn\">Deutsch <\/span><span class=\"BZ_Pyq_fadeIn\">gesch\u00e4ftlich <\/span><span class=\"BZ_Pyq_fadeIn\">Benutzung, <\/span><span class=\"BZ_Pyq_fadeIn\">als <\/span><span class=\"BZ_Pyq_fadeIn\">Geschenk <\/span><span class=\"BZ_Pyq_fadeIn\">von <\/span><span class=\"BZ_Pyq_fadeIn\">Unternehmensgeschenk. <\/span><span class=\"BZ_Pyq_fadeIn\">Dankzij <\/span><span class=\"BZ_Pyq_fadeIn\">die <\/span><span class=\"BZ_Pyq_fadeIn\">einzigartig <\/span><span class=\"BZ_Pyq_fadeIn\">Entwurf <\/span><span class=\"BZ_Pyq_fadeIn\">ist <\/span><span class=\"BZ_Pyq_fadeIn\">Deutsch <\/span><strong data-start=\"1570\" data-end=\"1579\"><span class=\"BZ_Pyq_fadeIn\">Unterarmst\u00fctz<\/span><\/strong> <span class=\"BZ_Pyq_fadeIn\">sowohl <\/span><span class=\"BZ_Pyq_fadeIn\">praktisch <\/span><span class=\"BZ_Pyq_fadeIn\">als <\/span><span class=\"BZ_Pyq_fadeIn\">stilvoll.<\/span><\/p>\n<p data-start=\"1811\" data-end=\"1831\"><strong data-start=\"1811\" data-end=\"1829\"><span class=\"BZ_Pyq_fadeIn\">Spezifikationen<\/span><\/strong><\/p>\n<ul data-start=\"1832\" data-end=\"2114\">\n<li data-section-id=\"vfymdx\" data-start=\"1832\" data-end=\"1859\">\n<p data-start=\"1834\" data-end=\"1859\"><span class=\"BZ_Pyq_fadeIn\">Abmessungen <\/span><span class=\"BZ_Pyq_fadeIn\">26 \u00d7 <\/span><span class=\"BZ_Pyq_fadeIn\">2 <\/span><span class=\"BZ_Pyq_fadeIn\">cm<\/span><\/p>\n<\/li>\n<li data-section-id=\"pmgsr9\" data-start=\"1860\" data-end=\"1884\">\n<p data-start=\"1862\" data-end=\"1884\"><span class=\"BZ_Pyq_fadeIn\">Fu\u00dfballf\u00f6rmig <\/span><span class=\"BZ_Pyq_fadeIn\">Entwurf<\/span><\/p>\n<\/li>\n<li data-section-id=\"hdym5g\" data-start=\"1885\" data-end=\"1911\">\n<p data-start=\"1887\" data-end=\"1911\"><span class=\"BZ_Pyq_fadeIn\">Werkstoff <\/span><span class=\"BZ_Pyq_fadeIn\">Buchen<\/span><span class=\"BZ_Pyq_fadeIn\">Holz<\/span><\/p>\n<\/li>\n<li data-section-id=\"w06ei\" data-start=\"1912\" data-end=\"1979\">\n<p data-start=\"1914\" data-end=\"1979\"><span class=\"BZ_Pyq_fadeIn\">Personalisierung <\/span><span class=\"BZ_Pyq_fadeIn\">Zu <\/span><span class=\"BZ_Pyq_fadeIn\">gravieren <\/span><span class=\"BZ_Pyq_fadeIn\">mit <\/span><strong data-start=\"1946\" data-end=\"1954\"><span class=\"BZ_Pyq_fadeIn\">Name<\/span><\/strong><span class=\"BZ_Pyq_fadeIn\">, <\/span><strong data-start=\"1956\" data-end=\"1965\"><span class=\"BZ_Pyq_fadeIn\">Text<\/span><\/strong> <span class=\"BZ_Pyq_fadeIn\">von <\/span><strong data-start=\"1969\" data-end=\"1977\"><span class=\"BZ_Pyq_fadeIn\">Logo<\/span><\/strong><\/p>\n<\/li>\n<li data-section-id=\"1kouz4l\" data-start=\"1980\" data-end=\"2023\">\n<p data-start=\"1982\" data-end=\"2023\"><span class=\"BZ_Pyq_fadeIn\">Professionelle <\/span><span class=\"BZ_Pyq_fadeIn\">Lasergravur <\/span><span class=\"BZ_Pyq_fadeIn\">enclosed<\/span><\/p>\n<\/li>\n<li data-section-id=\"1wgqifo\" data-start=\"2074\" data-end=\"2114\">\n<p data-start=\"2076\" data-end=\"2114\"><span class=\"BZ_Pyq_fadeIn\">Ideal <\/span><span class=\"BZ_Pyq_fadeIn\">als <\/span><span class=\"BZ_Pyq_fadeIn\">Geschenk <\/span><span class=\"BZ_Pyq_fadeIn\">von <\/span><span class=\"BZ_Pyq_fadeIn\">Kundenpr\u00e4sent<\/span><\/p>\n<\/li>\n<\/ul>","protected":false},"excerpt":{"rendered":"<p>Houten Voetbal Borrelplank met Gravering \u2013 26 cm Op zoek naar een origineel en persoonlijk cadeau voor een echte voetbalfan? Deze houten voetbal borrelplank met gravering is perfect als uniek geschenk of stoer relatiegeschenk. De ronde vorm met voetbaldesign maakt de plank ideaal voor het serveren van hapjes tijdens een wedstrijd of gezellige borrel. De [&hellip;]<\/p>\n","protected":false},"featured_media":2600,"comment_status":"open","ping_status":"closed","template":"","meta":[],"product_brand":[],"product_cat":[16],"product_tag":[],"class_list":{"0":"post-1900","1":"product","2":"type-product","3":"status-publish","4":"has-post-thumbnail","6":"product_cat-borrelplanken","8":"first","9":"instock","10":"taxable","11":"shipping-taxable","12":"purchasable","13":"product-type-simple"},"yoast_head":"<!-- This site is optimized with the Yoast SEO plugin v27.4 - https:\/\/yoast.com\/product\/yoast-seo-wordpress\/ -->\n<title>Voetbal borrelplank met gravering 26 cm Logo of tekst graveren - Lasergraveren.nu<\/title>\n<meta name=\"description\" content=\"Houten voetbal borrelplank met gravering (\u00d8 26 cm). Personaliseer met tekst of logo. Perfect cadeau voor voetballiefhebbers.\" \/>\n<meta name=\"robots\" content=\"index, follow, max-snippet:-1, max-image-preview:large, max-video-preview:-1\" \/>\n<link rel=\"canonical\" href=\"https:\/\/lasergraveren.nu\/de\/produkt\/fusball-snackbrett-mit-gravur-26cm\/\" \/>\n<meta property=\"og:locale\" content=\"de_DE\" \/>\n<meta property=\"og:type\" content=\"article\" \/>\n<meta property=\"og:title\" content=\"Voetbal borrelplank met gravering 26 cm Logo of tekst graveren - Lasergraveren.nu\" \/>\n<meta property=\"og:description\" content=\"Houten voetbal borrelplank met gravering (\u00d8 26 cm). Personaliseer met tekst of logo. Perfect cadeau voor voetballiefhebbers.\" \/>\n<meta property=\"og:url\" content=\"https:\/\/lasergraveren.nu\/de\/produkt\/fusball-snackbrett-mit-gravur-26cm\/\" \/>\n<meta property=\"og:site_name\" content=\"Lasergraveren.nu\" \/>\n<meta property=\"article:modified_time\" content=\"2026-05-01T12:46:43+00:00\" \/>\n<meta property=\"og:image\" content=\"https:\/\/lasergraveren.nu\/wp-content\/uploads\/2026\/02\/20250409-DickRuumpolFotografie-Vinoz-LR-046-2.jpg\" \/>\n\t<meta property=\"og:image:width\" content=\"2000\" \/>\n\t<meta property=\"og:image:height\" content=\"1334\" \/>\n\t<meta property=\"og:image:type\" content=\"image\/jpeg\" \/>\n<meta name=\"twitter:card\" content=\"summary_large_image\" \/>\n<meta name=\"twitter:label1\" content=\"Gesch\u00e4tzte Lesezeit\" \/>\n\t<meta name=\"twitter:data1\" content=\"2\u00a0Minuten\" \/>\n<script type=\"application\/ld+json\" class=\"yoast-schema-graph\">{\"@context\":\"https:\\\/\\\/schema.org\",\"@graph\":[{\"@type\":\"WebPage\",\"@id\":\"https:\\\/\\\/lasergraveren.nu\\\/product\\\/voetbal-borrelplank-met-gravering-26cm\\\/\",\"url\":\"https:\\\/\\\/lasergraveren.nu\\\/product\\\/voetbal-borrelplank-met-gravering-26cm\\\/\",\"name\":\"Voetbal borrelplank met gravering 26 cm Logo of tekst graveren - Lasergraveren.nu\",\"isPartOf\":{\"@id\":\"https:\\\/\\\/lasergraveren.nu\\\/#website\"},\"primaryImageOfPage\":{\"@id\":\"https:\\\/\\\/lasergraveren.nu\\\/product\\\/voetbal-borrelplank-met-gravering-26cm\\\/#primaryimage\"},\"image\":{\"@id\":\"https:\\\/\\\/lasergraveren.nu\\\/product\\\/voetbal-borrelplank-met-gravering-26cm\\\/#primaryimage\"},\"thumbnailUrl\":\"https:\\\/\\\/lasergraveren.nu\\\/wp-content\\\/uploads\\\/2026\\\/02\\\/20250409-DickRuumpolFotografie-Vinoz-LR-046-2.jpg\",\"datePublished\":\"2026-02-13T11:02:22+00:00\",\"dateModified\":\"2026-05-01T12:46:43+00:00\",\"description\":\"Houten voetbal borrelplank met gravering (\u00d8 26 cm). Personaliseer met tekst of logo. Perfect cadeau voor voetballiefhebbers.\",\"breadcrumb\":{\"@id\":\"https:\\\/\\\/lasergraveren.nu\\\/product\\\/voetbal-borrelplank-met-gravering-26cm\\\/#breadcrumb\"},\"inLanguage\":\"de\",\"potentialAction\":[{\"@type\":\"ReadAction\",\"target\":[\"https:\\\/\\\/lasergraveren.nu\\\/product\\\/voetbal-borrelplank-met-gravering-26cm\\\/\"]}]},{\"@type\":\"ImageObject\",\"inLanguage\":\"de\",\"@id\":\"https:\\\/\\\/lasergraveren.nu\\\/product\\\/voetbal-borrelplank-met-gravering-26cm\\\/#primaryimage\",\"url\":\"https:\\\/\\\/lasergraveren.nu\\\/wp-content\\\/uploads\\\/2026\\\/02\\\/20250409-DickRuumpolFotografie-Vinoz-LR-046-2.jpg\",\"contentUrl\":\"https:\\\/\\\/lasergraveren.nu\\\/wp-content\\\/uploads\\\/2026\\\/02\\\/20250409-DickRuumpolFotografie-Vinoz-LR-046-2.jpg\",\"width\":2000,\"height\":1334},{\"@type\":\"BreadcrumbList\",\"@id\":\"https:\\\/\\\/lasergraveren.nu\\\/product\\\/voetbal-borrelplank-met-gravering-26cm\\\/#breadcrumb\",\"itemListElement\":[{\"@type\":\"ListItem\",\"position\":1,\"name\":\"Home\",\"item\":\"https:\\\/\\\/lasergraveren.nu\\\/\"},{\"@type\":\"ListItem\",\"position\":2,\"name\":\"Collectie\",\"item\":\"https:\\\/\\\/lasergraveren.nu\\\/collectie\\\/\"},{\"@type\":\"ListItem\",\"position\":3,\"name\":\"Voetbal borrelplank met gravering 26 cm Logo of tekst graveren\"}]},{\"@type\":\"WebSite\",\"@id\":\"https:\\\/\\\/lasergraveren.nu\\\/#website\",\"url\":\"https:\\\/\\\/lasergraveren.nu\\\/\",\"name\":\"Lasergraveren.nu\",\"description\":\"Maak elk cadeau persoonlijk.\",\"publisher\":{\"@id\":\"https:\\\/\\\/lasergraveren.nu\\\/#organization\"},\"potentialAction\":[{\"@type\":\"SearchAction\",\"target\":{\"@type\":\"EntryPoint\",\"urlTemplate\":\"https:\\\/\\\/lasergraveren.nu\\\/?s={search_term_string}\"},\"query-input\":{\"@type\":\"PropertyValueSpecification\",\"valueRequired\":true,\"valueName\":\"search_term_string\"}}],\"inLanguage\":\"de\"},{\"@type\":\"Organization\",\"@id\":\"https:\\\/\\\/lasergraveren.nu\\\/#organization\",\"name\":\"Lasergraveren.nu\",\"url\":\"https:\\\/\\\/lasergraveren.nu\\\/\",\"logo\":{\"@type\":\"ImageObject\",\"inLanguage\":\"de\",\"@id\":\"https:\\\/\\\/lasergraveren.nu\\\/#\\\/schema\\\/logo\\\/image\\\/\",\"url\":\"https:\\\/\\\/lasergraveren.nu\\\/wp-content\\\/uploads\\\/2026\\\/01\\\/Lasergraveren_nl-1-e1767764239662.webp\",\"contentUrl\":\"https:\\\/\\\/lasergraveren.nu\\\/wp-content\\\/uploads\\\/2026\\\/01\\\/Lasergraveren_nl-1-e1767764239662.webp\",\"width\":189,\"height\":115,\"caption\":\"Lasergraveren.nu\"},\"image\":{\"@id\":\"https:\\\/\\\/lasergraveren.nu\\\/#\\\/schema\\\/logo\\\/image\\\/\"}}]}<\/script>\n<!-- \/ Yoast SEO plugin. -->","yoast_head_json":{"title":"Fu\u00dfball-Snackbrett mit Gravur 26 cm Logo oder Text gravieren - Lasergraveren.nu","description":"H\u00f6lzerne Fu\u00dfball-Aperitif-Platte mit Gravur (\u00d8 26 cm). Personalisieren Sie mit Text oder Logo. Perfektes Geschenk f\u00fcr Fu\u00dfballfans.","robots":{"index":"index","follow":"follow","max-snippet":"max-snippet:-1","max-image-preview":"max-image-preview:large","max-video-preview":"max-video-preview:-1"},"canonical":"https:\/\/lasergraveren.nu\/de\/produkt\/fusball-snackbrett-mit-gravur-26cm\/","og_locale":"de_DE","og_type":"article","og_title":"Voetbal borrelplank met gravering 26 cm Logo of tekst graveren - Lasergraveren.nu","og_description":"Houten voetbal borrelplank met gravering (\u00d8 26 cm). Personaliseer met tekst of logo. Perfect cadeau voor voetballiefhebbers.","og_url":"https:\/\/lasergraveren.nu\/de\/produkt\/fusball-snackbrett-mit-gravur-26cm\/","og_site_name":"Lasergraveren.nu","article_modified_time":"2026-05-01T12:46:43+00:00","og_image":[{"width":2000,"height":1334,"url":"https:\/\/lasergraveren.nu\/wp-content\/uploads\/2026\/02\/20250409-DickRuumpolFotografie-Vinoz-LR-046-2.jpg","type":"image\/jpeg"}],"twitter_card":"summary_large_image","twitter_misc":{"Gesch\u00e4tzte Lesezeit":"2\u00a0Minuten"},"schema":{"@context":"https:\/\/schema.org","@graph":[{"@type":"WebPage","@id":"https:\/\/lasergraveren.nu\/product\/voetbal-borrelplank-met-gravering-26cm\/","url":"https:\/\/lasergraveren.nu\/product\/voetbal-borrelplank-met-gravering-26cm\/","name":"Fu\u00dfball-Snackbrett mit Gravur 26 cm Logo oder Text gravieren - Lasergraveren.nu","isPartOf":{"@id":"https:\/\/lasergraveren.nu\/#website"},"primaryImageOfPage":{"@id":"https:\/\/lasergraveren.nu\/product\/voetbal-borrelplank-met-gravering-26cm\/#primaryimage"},"image":{"@id":"https:\/\/lasergraveren.nu\/product\/voetbal-borrelplank-met-gravering-26cm\/#primaryimage"},"thumbnailUrl":"https:\/\/lasergraveren.nu\/wp-content\/uploads\/2026\/02\/20250409-DickRuumpolFotografie-Vinoz-LR-046-2.jpg","datePublished":"2026-02-13T11:02:22+00:00","dateModified":"2026-05-01T12:46:43+00:00","description":"H\u00f6lzerne Fu\u00dfball-Aperitif-Platte mit Gravur (\u00d8 26 cm). Personalisieren Sie mit Text oder Logo. Perfektes Geschenk f\u00fcr Fu\u00dfballfans.","breadcrumb":{"@id":"https:\/\/lasergraveren.nu\/product\/voetbal-borrelplank-met-gravering-26cm\/#breadcrumb"},"inLanguage":"de","potentialAction":[{"@type":"ReadAction","target":["https:\/\/lasergraveren.nu\/product\/voetbal-borrelplank-met-gravering-26cm\/"]}]},{"@type":"ImageObject","inLanguage":"de","@id":"https:\/\/lasergraveren.nu\/product\/voetbal-borrelplank-met-gravering-26cm\/#primaryimage","url":"https:\/\/lasergraveren.nu\/wp-content\/uploads\/2026\/02\/20250409-DickRuumpolFotografie-Vinoz-LR-046-2.jpg","contentUrl":"https:\/\/lasergraveren.nu\/wp-content\/uploads\/2026\/02\/20250409-DickRuumpolFotografie-Vinoz-LR-046-2.jpg","width":2000,"height":1334},{"@type":"BreadcrumbList","@id":"https:\/\/lasergraveren.nu\/product\/voetbal-borrelplank-met-gravering-26cm\/#breadcrumb","itemListElement":[{"@type":"ListItem","position":1,"name":"Home","item":"https:\/\/lasergraveren.nu\/"},{"@type":"ListItem","position":2,"name":"Collectie","item":"https:\/\/lasergraveren.nu\/collectie\/"},{"@type":"ListItem","position":3,"name":"Voetbal borrelplank met gravering 26 cm Logo of tekst graveren"}]},{"@type":"WebSite","@id":"https:\/\/lasergraveren.nu\/#website","url":"https:\/\/lasergraveren.nu\/","name":"Lasergraveren.nu","description":"Machen Sie jedes Geschenk pers\u00f6nlich.","publisher":{"@id":"https:\/\/lasergraveren.nu\/#organization"},"potentialAction":[{"@type":"SearchAction","target":{"@type":"EntryPoint","urlTemplate":"https:\/\/lasergraveren.nu\/?s={search_term_string}"},"query-input":{"@type":"PropertyValueSpecification","valueRequired":true,"valueName":"search_term_string"}}],"inLanguage":"de"},{"@type":"Organization","@id":"https:\/\/lasergraveren.nu\/#organization","name":"Lasergraveren.nu","url":"https:\/\/lasergraveren.nu\/","logo":{"@type":"ImageObject","inLanguage":"de","@id":"https:\/\/lasergraveren.nu\/#\/schema\/logo\/image\/","url":"https:\/\/lasergraveren.nu\/wp-content\/uploads\/2026\/01\/Lasergraveren_nl-1-e1767764239662.webp","contentUrl":"https:\/\/lasergraveren.nu\/wp-content\/uploads\/2026\/01\/Lasergraveren_nl-1-e1767764239662.webp","width":189,"height":115,"caption":"Lasergraveren.nu"},"image":{"@id":"https:\/\/lasergraveren.nu\/#\/schema\/logo\/image\/"}}]}},"tiered_pricing_type":"fixed","tiered_pricing_fixed_rules":[],"tiered_pricing_product_settings":{"layout":"default","base_unit_name":{"singular":null,"plural":null},"default_variation":null},"tiered_pricing_minimum_quantity":null,"tiered_pricing_roles_data":[],"tiered_pricing_percentage_rules":[],"_links":{"self":[{"href":"https:\/\/lasergraveren.nu\/de\/wp-json\/wp\/v2\/product\/1900","targetHints":{"allow":["GET"]}}],"collection":[{"href":"https:\/\/lasergraveren.nu\/de\/wp-json\/wp\/v2\/product"}],"about":[{"href":"https:\/\/lasergraveren.nu\/de\/wp-json\/wp\/v2\/types\/product"}],"replies":[{"embeddable":true,"href":"https:\/\/lasergraveren.nu\/de\/wp-json\/wp\/v2\/comments?post=1900"}],"version-history":[{"count":4,"href":"https:\/\/lasergraveren.nu\/de\/wp-json\/wp\/v2\/product\/1900\/revisions"}],"predecessor-version":[{"id":2597,"href":"https:\/\/lasergraveren.nu\/de\/wp-json\/wp\/v2\/product\/1900\/revisions\/2597"}],"wp:featuredmedia":[{"embeddable":true,"href":"https:\/\/lasergraveren.nu\/de\/wp-json\/wp\/v2\/media\/2600"}],"wp:attachment":[{"href":"https:\/\/lasergraveren.nu\/de\/wp-json\/wp\/v2\/media?parent=1900"}],"wp:term":[{"taxonomy":"product_brand","embeddable":true,"href":"https:\/\/lasergraveren.nu\/de\/wp-json\/wp\/v2\/product_brand?post=1900"},{"taxonomy":"product_cat","embeddable":true,"href":"https:\/\/lasergraveren.nu\/de\/wp-json\/wp\/v2\/product_cat?post=1900"},{"taxonomy":"product_tag","embeddable":true,"href":"https:\/\/lasergraveren.nu\/de\/wp-json\/wp\/v2\/product_tag?post=1900"}],"curies":[{"name":"wp","href":"https:\/\/api.w.org\/{rel}","templated":true}]}}